{"id":140,"date":"2021-06-30T23:20:27","date_gmt":"2021-06-30T21:20:27","guid":{"rendered":"http:\/\/annachojnacka.photos\/?page_id=140"},"modified":"2023-12-27T21:51:44","modified_gmt":"2023-12-27T20:51:44","slug":"kontakt","status":"publish","type":"page","link":"https:\/\/annachojnacka.photos\/?page_id=140","title":{"rendered":"Porozmawiajmy&#8230;"},"content":{"rendered":"\n<p>Jestem tutaj, aby tworzy\u0107 niezapomniane chwile razem z Tob\u0105!<br>Jako pasjonat fotografii Lifestyle, kocham przenika\u0107 do niecodziennych historii, odkrywa\u0107 Twoj\u0105 wyj\u0105tkowo\u015b\u0107 i zatrzyma\u0107 te magiczne momenty na kadrze.<br>Twoje pomys\u0142y s\u0105 dla mnie inspiracj\u0105, a zaanga\u017cowanie w ka\u017cdy szczeg\u00f3\u0142 gwarantuje sesj\u0119 dopasowan\u0105 do Ciebie.<br>Chcesz uchwyci\u0107 autentyczno\u015b\u0107 i stworzy\u0107 co\u015b wyj\u0105tkowego?<br>Daj mi zna\u0107, a wsp\u00f3lnie stworzymy niepowtarzaln\u0105 histori\u0119 w obiektywie.<\/p>\n\n\n\n<p><strong>annachojnackaphotos@gmail.com<\/strong><\/p>\n\n\n\n<p><strong>+48 530 200 020<\/strong><\/p>\n\n\n\n<figure class=\"wp-block-gallery has-nested-images columns-default is-cropped wp-block-gallery-1 is-layout-flex wp-block-gallery-is-layout-flex\">\n<figure class=\"wp-block-image size-large is-style-default\"><img loading=\"lazy\" decoding=\"async\" width=\"683\" height=\"1024\" data-id=\"555\" src=\"https:\/\/annachojnacka.photos\/wp-content\/uploads\/2021\/07\/DSC_0976-2-2-683x1024.jpg\" alt=\"\" class=\"wp-image-555\" srcset=\"https:\/\/annachojnacka.photos\/wp-content\/uploads\/2021\/07\/DSC_0976-2-2-683x1024.jpg 683w, https:\/\/annachojnacka.photos\/wp-content\/uploads\/2021\/07\/DSC_0976-2-2-200x300.jpg 200w, https:\/\/annachojnacka.photos\/wp-content\/uploads\/2021\/07\/DSC_0976-2-2-768x1151.jpg 768w, https:\/\/annachojnacka.photos\/wp-content\/uploads\/2021\/07\/DSC_0976-2-2-1025x1536.jpg 1025w, https:\/\/annachojnacka.photos\/wp-content\/uploads\/2021\/07\/DSC_0976-2-2-1367x2048.jpg 1367w, https:\/\/annachojnacka.photos\/wp-content\/uploads\/2021\/07\/DSC_0976-2-2-scaled.jpg 1708w\" sizes=\"auto, (max-width: 683px) 100vw, 683px\" \/><\/figure>\n<\/figure>\n","protected":false},"excerpt":{"rendered":"<p>Jestem tutaj, aby tworzy\u0107 niezapomniane chwile razem z Tob\u0105!Jako pasjonat fotografii Lifestyle, kocham przenika\u0107 do niecodziennych historii, odkrywa\u0107 Twoj\u0105 wyj\u0105tkowo\u015b\u0107 i zatrzyma\u0107 te magiczne momenty na kadrze.Twoje pomys\u0142y s\u0105 dla mnie inspiracj\u0105, a zaanga\u017cowanie w ka\u017cdy szczeg\u00f3\u0142 gwarantuje sesj\u0119 dopasowan\u0105 do Ciebie.Chcesz uchwyci\u0107 autentyczno\u015b\u0107 i stworzy\u0107 co\u015b wyj\u0105tkowego?Daj mi zna\u0107, a wsp\u00f3lnie stworzymy niepowtarzaln\u0105 histori\u0119 [&hellip;]<\/p>\n","protected":false},"author":1,"featured_media":0,"parent":0,"menu_order":0,"comment_status":"closed","ping_status":"closed","template":"","meta":{"footnotes":""},"class_list":["post-140","page","type-page","status-publish","hentry"],"_links":{"self":[{"href":"https:\/\/annachojnacka.photos\/index.php?rest_route=\/wp\/v2\/pages\/140","targetHints":{"allow":["GET"]}}],"collection":[{"href":"https:\/\/annachojnacka.photos\/index.php?rest_route=\/wp\/v2\/pages"}],"about":[{"href":"https:\/\/annachojnacka.photos\/index.php?rest_route=\/wp\/v2\/types\/page"}],"author":[{"embeddable":true,"href":"https:\/\/annachojnacka.photos\/index.php?rest_route=\/wp\/v2\/users\/1"}],"replies":[{"embeddable":true,"href":"https:\/\/annachojnacka.photos\/index.php?rest_route=%2Fwp%2Fv2%2Fcomments&post=140"}],"version-history":[{"count":32,"href":"https:\/\/annachojnacka.photos\/index.php?rest_route=\/wp\/v2\/pages\/140\/revisions"}],"predecessor-version":[{"id":760,"href":"https:\/\/annachojnacka.photos\/index.php?rest_route=\/wp\/v2\/pages\/140\/revisions\/760"}],"wp:attachment":[{"href":"https:\/\/annachojnacka.photos\/index.php?rest_route=%2Fwp%2Fv2%2Fmedia&parent=140"}],"curies":[{"name":"wp","href":"https:\/\/api.w.org\/{rel}","templated":true}]}}